{"id":1232,"date":"2015-10-03T12:02:35","date_gmt":"2015-10-03T12:02:35","guid":{"rendered":"http:\/\/64.27.56.41\/~dev10iflair\/ibiza_real_estate\/?page_id=1232"},"modified":"2026-02-13T13:09:13","modified_gmt":"2026-02-13T12:09:13","slug":"blogs","status":"publish","type":"page","link":"https:\/\/www.ibizanowrealestate.com\/es\/blogs\/","title":{"rendered":"Blogs"},"content":{"rendered":"<p>Nuestra secci\u00f3n de noticias ofrece informaci\u00f3n actualizada sobre el mercado inmobiliario en Ibiza, incluyendo tendencias, oportunidades de inversi\u00f3n y consejos de expertos.<\/p>\n<p><!--more--><\/p>\n<p>Tanto si desea comprar, vender o invertir en una propiedad en esta impresionante isla, tenemos todo lo que necesita. Esperamos que disfrute navegando por nuestro sitio web y que la informaci\u00f3n que aqu\u00ed encontrar\u00e1 le resulte \u00fatil en sus proyectos inmobiliarios.<\/p>","protected":false},"excerpt":{"rendered":"<p>Nuestra secci\u00f3n de noticias ofrece informaci\u00f3n actualizada sobre el mercado inmobiliario en Ibiza, incluyendo tendencias, &hellip;<\/p>\n","protected":false},"author":5,"featured_media":29967,"parent":0,"menu_order":-222,"comment_status":"closed","ping_status":"closed","template":"pages\/template-news.php","meta":{"footnotes":""},"class_list":["post-1232","page","type-page","status-publish","has-post-thumbnail","hentry"],"acf":[],"yoast_head":"<!-- This site is optimized with the Yoast SEO plugin v27.5 - https:\/\/yoast.com\/product\/yoast-seo-wordpress\/ -->\n<title>Blogs - Ibiza Now Real Estate<\/title>\n<meta name=\"robots\" content=\"index, follow, max-snippet:-1, max-image-preview:large, max-video-preview:-1\" \/>\n<link rel=\"canonical\" href=\"https:\/\/www.ibizanowrealestate.com\/es\/blogs\/\" \/>\n<meta property=\"og:locale\" content=\"es_ES\" \/>\n<meta property=\"og:type\" content=\"article\" \/>\n<meta property=\"og:title\" content=\"Blogs - Ibiza Now Real Estate\" \/>\n<meta property=\"og:description\" content=\"Nuestra secci\u00f3n de noticias ofrece informaci\u00f3n actualizada sobre el mercado inmobiliario en Ibiza, incluyendo tendencias, &hellip;\" \/>\n<meta property=\"og:url\" content=\"https:\/\/www.ibizanowrealestate.com\/es\/blogs\/\" \/>\n<meta property=\"og:site_name\" content=\"Ibiza Now Real Estate\" \/>\n<meta property=\"article:modified_time\" content=\"2026-02-13T12:09:13+00:00\" \/>\n<meta property=\"og:image\" content=\"https:\/\/www.ibizanowrealestate.com\/wp-content\/uploads\/2024\/10\/pexels-mati-5215482-e1729017616293.jpg\" \/>\n\t<meta property=\"og:image:width\" content=\"1920\" \/>\n\t<meta property=\"og:image:height\" content=\"1286\" \/>\n\t<meta property=\"og:image:type\" content=\"image\/jpeg\" \/>\n<meta name=\"twitter:card\" content=\"summary_large_image\" \/>\n<meta name=\"twitter:label1\" content=\"Tiempo de lectura\" \/>\n\t<meta name=\"twitter:data1\" content=\"1 minuto\" \/>\n<script type=\"application\/ld+json\" class=\"yoast-schema-graph\">{\"@context\":\"https:\\\/\\\/schema.org\",\"@graph\":[{\"@type\":\"WebPage\",\"@id\":\"https:\\\/\\\/www.ibizanowrealestate.com\\\/es\\\/blogs\\\/\",\"url\":\"https:\\\/\\\/www.ibizanowrealestate.com\\\/es\\\/blogs\\\/\",\"name\":\"Blogs - Ibiza Now Real Estate\",\"isPartOf\":{\"@id\":\"https:\\\/\\\/www.ibizanowrealestate.com\\\/es\\\/#website\"},\"primaryImageOfPage\":{\"@id\":\"https:\\\/\\\/www.ibizanowrealestate.com\\\/es\\\/blogs\\\/#primaryimage\"},\"image\":{\"@id\":\"https:\\\/\\\/www.ibizanowrealestate.com\\\/blogs\\\/#primaryimage\"},\"thumbnailUrl\":\"https:\\\/\\\/www.ibizanowrealestate.com\\\/wp-content\\\/uploads\\\/2024\\\/10\\\/pexels-mati-5215482-e1729017616293.jpg\",\"datePublished\":\"2015-10-03T12:02:35+00:00\",\"dateModified\":\"2026-02-13T12:09:13+00:00\",\"breadcrumb\":{\"@id\":\"https:\\\/\\\/www.ibizanowrealestate.com\\\/es\\\/blogs\\\/#breadcrumb\"},\"inLanguage\":\"es\",\"potentialAction\":[{\"@type\":\"ReadAction\",\"target\":[[\"https:\\\/\\\/www.ibizanowrealestate.com\\\/es\\\/blogs\\\/\"]]}]},{\"@type\":\"ImageObject\",\"inLanguage\":\"es\",\"@id\":\"https:\\\/\\\/www.ibizanowrealestate.com\\\/es\\\/blogs\\\/#primaryimage\",\"url\":\"https:\\\/\\\/www.ibizanowrealestate.com\\\/wp-content\\\/uploads\\\/2024\\\/10\\\/pexels-mati-5215482-e1729017616293.jpg\",\"contentUrl\":\"https:\\\/\\\/www.ibizanowrealestate.com\\\/wp-content\\\/uploads\\\/2024\\\/10\\\/pexels-mati-5215482-e1729017616293.jpg\",\"width\":1920,\"height\":1286,\"caption\":\"Pexels Mati 5215482\"},{\"@type\":\"BreadcrumbList\",\"@id\":\"https:\\\/\\\/www.ibizanowrealestate.com\\\/es\\\/blogs\\\/#breadcrumb\",\"itemListElement\":[{\"@type\":\"ListItem\",\"position\":1,\"name\":\"Home\",\"item\":\"https:\\\/\\\/www.ibizanowrealestate.com\\\/es\\\/\"},{\"@type\":\"ListItem\",\"position\":2,\"name\":\"Blogs\"}]},{\"@type\":\"WebSite\",\"@id\":\"https:\\\/\\\/www.ibizanowrealestate.com\\\/es\\\/#website\",\"url\":\"https:\\\/\\\/www.ibizanowrealestate.com\\\/es\\\/\",\"name\":\"Ibiza Now Real Estate\",\"description\":\"\",\"potentialAction\":[{\"@type\":\"SearchAction\",\"target\":{\"@type\":\"EntryPoint\",\"urlTemplate\":\"https:\\\/\\\/www.ibizanowrealestate.com\\\/es\\\/?s={search_term_string}\"},\"query-input\":{\"@type\":\"PropertyValueSpecification\",\"valueRequired\":true,\"valueName\":\"search_term_string\"}}],\"inLanguage\":\"es\"}]}<\/script>\n<!-- \/ Yoast SEO plugin. -->","yoast_head_json":{"title":"Blogs - Ibiza Now Real Estate","robots":{"index":"index","follow":"follow","max-snippet":"max-snippet:-1","max-image-preview":"max-image-preview:large","max-video-preview":"max-video-preview:-1"},"canonical":"https:\/\/www.ibizanowrealestate.com\/es\/blogs\/","og_locale":"es_ES","og_type":"article","og_title":"Blogs - Ibiza Now Real Estate","og_description":"Nuestra secci\u00f3n de noticias ofrece informaci\u00f3n actualizada sobre el mercado inmobiliario en Ibiza, incluyendo tendencias, &hellip;","og_url":"https:\/\/www.ibizanowrealestate.com\/es\/blogs\/","og_site_name":"Ibiza Now Real Estate","article_modified_time":"2026-02-13T12:09:13+00:00","og_image":[{"width":1920,"height":1286,"url":"https:\/\/www.ibizanowrealestate.com\/wp-content\/uploads\/2024\/10\/pexels-mati-5215482-e1729017616293.jpg","type":"image\/jpeg"}],"twitter_card":"summary_large_image","twitter_misc":{"Tiempo de lectura":"1 minuto"},"schema":{"@context":"https:\/\/schema.org","@graph":[{"@type":"WebPage","@id":"https:\/\/www.ibizanowrealestate.com\/es\/blogs\/","url":"https:\/\/www.ibizanowrealestate.com\/es\/blogs\/","name":"Blogs - Ibiza Now Real Estate","isPartOf":{"@id":"https:\/\/www.ibizanowrealestate.com\/es\/#website"},"primaryImageOfPage":{"@id":"https:\/\/www.ibizanowrealestate.com\/es\/blogs\/#primaryimage"},"image":{"@id":"https:\/\/www.ibizanowrealestate.com\/blogs\/#primaryimage"},"thumbnailUrl":"https:\/\/www.ibizanowrealestate.com\/wp-content\/uploads\/2024\/10\/pexels-mati-5215482-e1729017616293.jpg","datePublished":"2015-10-03T12:02:35+00:00","dateModified":"2026-02-13T12:09:13+00:00","breadcrumb":{"@id":"https:\/\/www.ibizanowrealestate.com\/es\/blogs\/#breadcrumb"},"inLanguage":"es","potentialAction":[{"@type":"ReadAction","target":[["https:\/\/www.ibizanowrealestate.com\/es\/blogs\/"]]}]},{"@type":"ImageObject","inLanguage":"es","@id":"https:\/\/www.ibizanowrealestate.com\/es\/blogs\/#primaryimage","url":"https:\/\/www.ibizanowrealestate.com\/wp-content\/uploads\/2024\/10\/pexels-mati-5215482-e1729017616293.jpg","contentUrl":"https:\/\/www.ibizanowrealestate.com\/wp-content\/uploads\/2024\/10\/pexels-mati-5215482-e1729017616293.jpg","width":1920,"height":1286,"caption":"Pexels Mati 5215482"},{"@type":"BreadcrumbList","@id":"https:\/\/www.ibizanowrealestate.com\/es\/blogs\/#breadcrumb","itemListElement":[{"@type":"ListItem","position":1,"name":"Home","item":"https:\/\/www.ibizanowrealestate.com\/es\/"},{"@type":"ListItem","position":2,"name":"Blogs"}]},{"@type":"WebSite","@id":"https:\/\/www.ibizanowrealestate.com\/es\/#website","url":"https:\/\/www.ibizanowrealestate.com\/es\/","name":"Ibiza Now Real Estate","description":"","potentialAction":[{"@type":"SearchAction","target":{"@type":"EntryPoint","urlTemplate":"https:\/\/www.ibizanowrealestate.com\/es\/?s={search_term_string}"},"query-input":{"@type":"PropertyValueSpecification","valueRequired":true,"valueName":"search_term_string"}}],"inLanguage":"es"}]}},"_links":{"self":[{"href":"https:\/\/www.ibizanowrealestate.com\/es\/wp-json\/wp\/v2\/pages\/1232","targetHints":{"allow":["GET"]}}],"collection":[{"href":"https:\/\/www.ibizanowrealestate.com\/es\/wp-json\/wp\/v2\/pages"}],"about":[{"href":"https:\/\/www.ibizanowrealestate.com\/es\/wp-json\/wp\/v2\/types\/page"}],"author":[{"embeddable":true,"href":"https:\/\/www.ibizanowrealestate.com\/es\/wp-json\/wp\/v2\/users\/5"}],"replies":[{"embeddable":true,"href":"https:\/\/www.ibizanowrealestate.com\/es\/wp-json\/wp\/v2\/comments?post=1232"}],"version-history":[{"count":5,"href":"https:\/\/www.ibizanowrealestate.com\/es\/wp-json\/wp\/v2\/pages\/1232\/revisions"}],"predecessor-version":[{"id":29968,"href":"https:\/\/www.ibizanowrealestate.com\/es\/wp-json\/wp\/v2\/pages\/1232\/revisions\/29968"}],"wp:featuredmedia":[{"embeddable":true,"href":"https:\/\/www.ibizanowrealestate.com\/es\/wp-json\/wp\/v2\/media\/29967"}],"wp:attachment":[{"href":"https:\/\/www.ibizanowrealestate.com\/es\/wp-json\/wp\/v2\/media?parent=1232"}],"curies":[{"name":"wp","href":"https:\/\/api.w.org\/{rel}","templated":true}]}}