{"id":1349,"date":"2015-11-27T11:15:26","date_gmt":"2015-11-27T11:15:26","guid":{"rendered":"http:\/\/ibizanow.inmedia-design.com\/?page_id=1349"},"modified":"2024-11-05T13:42:56","modified_gmt":"2024-11-05T12:42:56","slug":"new-developments","status":"publish","type":"page","link":"https:\/\/www.ibizanowrealestate.com\/es\/new-developments\/","title":{"rendered":"Desarrollos"},"content":{"rendered":"<p>Ibiza Now Real Estate se especializa en nuevas promociones en la isla de Ibiza. Con un enfoque en la entrega de las \u00faltimas y m\u00e1s innovadoras propiedades, nuestra cartera incluye una gama de casas contempor\u00e1neas que ofrecen comodidades modernas y acabados de lujo. Estas nuevas promociones suelen contar con espacios abiertos, amplias zonas al aire libre e impresionantes vistas al mar Mediterr\u00e1neo. Muchas de las propiedades tambi\u00e9n incluyen acceso a instalaciones comunes, como piscinas, gimnasios y servicios de concierge. El equipo de expertos de Ibiza Now Real Estate puede ayudarle a navegar por el proceso de compra de una nueva oportunidad, proporcion\u00e1ndole valiosas ideas y consejos para asegurarse de que toma una decisi\u00f3n informada que sea adecuada para usted.<\/p>","protected":false},"excerpt":{"rendered":"<p>Ibiza Now Real Estate se especializa en nuevas promociones en la isla de Ibiza. Con &hellip;<\/p>\n","protected":false},"author":5,"featured_media":29617,"parent":0,"menu_order":-555,"comment_status":"closed","ping_status":"closed","template":"pages\/template-new-developments.php","meta":{"footnotes":""},"class_list":["post-1349","page","type-page","status-publish","has-post-thumbnail","hentry"],"acf":[],"yoast_head":"<!-- This site is optimized with the Yoast SEO plugin v27.5 - https:\/\/yoast.com\/product\/yoast-seo-wordpress\/ -->\n<title>Desarrollos - Ibiza Now Real Estate<\/title>\n<meta name=\"robots\" content=\"index, follow, max-snippet:-1, max-image-preview:large, max-video-preview:-1\" \/>\n<link rel=\"canonical\" href=\"https:\/\/www.ibizanowrealestate.com\/es\/new-developments\/\" \/>\n<meta property=\"og:locale\" content=\"es_ES\" \/>\n<meta property=\"og:type\" content=\"article\" \/>\n<meta property=\"og:title\" content=\"Desarrollos - Ibiza Now Real Estate\" \/>\n<meta property=\"og:description\" content=\"Ibiza Now Real Estate se especializa en nuevas promociones en la isla de Ibiza. Con &hellip;\" \/>\n<meta property=\"og:url\" content=\"https:\/\/www.ibizanowrealestate.com\/es\/new-developments\/\" \/>\n<meta property=\"og:site_name\" content=\"Ibiza Now Real Estate\" \/>\n<meta property=\"article:modified_time\" content=\"2024-11-05T12:42:56+00:00\" \/>\n<meta property=\"og:image\" content=\"https:\/\/www.ibizanowrealestate.com\/wp-content\/uploads\/2024\/10\/8.jpg\" \/>\n\t<meta property=\"og:image:width\" content=\"1920\" \/>\n\t<meta property=\"og:image:height\" content=\"1080\" \/>\n\t<meta property=\"og:image:type\" content=\"image\/jpeg\" \/>\n<meta name=\"twitter:card\" content=\"summary_large_image\" \/>\n<meta name=\"twitter:label1\" content=\"Tiempo de lectura\" \/>\n\t<meta name=\"twitter:data1\" content=\"1 minuto\" \/>\n<script type=\"application\/ld+json\" class=\"yoast-schema-graph\">{\"@context\":\"https:\\\/\\\/schema.org\",\"@graph\":[{\"@type\":\"WebPage\",\"@id\":\"https:\\\/\\\/www.ibizanowrealestate.com\\\/es\\\/new-developments\\\/\",\"url\":\"https:\\\/\\\/www.ibizanowrealestate.com\\\/es\\\/new-developments\\\/\",\"name\":\"Desarrollos - Ibiza Now Real Estate\",\"isPartOf\":{\"@id\":\"https:\\\/\\\/www.ibizanowrealestate.com\\\/es\\\/#website\"},\"primaryImageOfPage\":{\"@id\":\"https:\\\/\\\/www.ibizanowrealestate.com\\\/es\\\/new-developments\\\/#primaryimage\"},\"image\":{\"@id\":\"https:\\\/\\\/www.ibizanowrealestate.com\\\/new-developments\\\/#primaryimage\"},\"thumbnailUrl\":\"https:\\\/\\\/www.ibizanowrealestate.com\\\/wp-content\\\/uploads\\\/2024\\\/10\\\/8.jpg\",\"datePublished\":\"2015-11-27T11:15:26+00:00\",\"dateModified\":\"2024-11-05T12:42:56+00:00\",\"breadcrumb\":{\"@id\":\"https:\\\/\\\/www.ibizanowrealestate.com\\\/es\\\/new-developments\\\/#breadcrumb\"},\"inLanguage\":\"es\",\"potentialAction\":[{\"@type\":\"ReadAction\",\"target\":[[\"https:\\\/\\\/www.ibizanowrealestate.com\\\/es\\\/new-developments\\\/\"]]}]},{\"@type\":\"ImageObject\",\"inLanguage\":\"es\",\"@id\":\"https:\\\/\\\/www.ibizanowrealestate.com\\\/es\\\/new-developments\\\/#primaryimage\",\"url\":\"https:\\\/\\\/www.ibizanowrealestate.com\\\/wp-content\\\/uploads\\\/2024\\\/10\\\/8.jpg\",\"contentUrl\":\"https:\\\/\\\/www.ibizanowrealestate.com\\\/wp-content\\\/uploads\\\/2024\\\/10\\\/8.jpg\",\"width\":1920,\"height\":1080,\"caption\":\"8\"},{\"@type\":\"BreadcrumbList\",\"@id\":\"https:\\\/\\\/www.ibizanowrealestate.com\\\/es\\\/new-developments\\\/#breadcrumb\",\"itemListElement\":[{\"@type\":\"ListItem\",\"position\":1,\"name\":\"Home\",\"item\":\"https:\\\/\\\/www.ibizanowrealestate.com\\\/es\\\/\"},{\"@type\":\"ListItem\",\"position\":2,\"name\":\"New Developments\"}]},{\"@type\":\"WebSite\",\"@id\":\"https:\\\/\\\/www.ibizanowrealestate.com\\\/es\\\/#website\",\"url\":\"https:\\\/\\\/www.ibizanowrealestate.com\\\/es\\\/\",\"name\":\"Ibiza Now Real Estate\",\"description\":\"\",\"potentialAction\":[{\"@type\":\"SearchAction\",\"target\":{\"@type\":\"EntryPoint\",\"urlTemplate\":\"https:\\\/\\\/www.ibizanowrealestate.com\\\/es\\\/?s={search_term_string}\"},\"query-input\":{\"@type\":\"PropertyValueSpecification\",\"valueRequired\":true,\"valueName\":\"search_term_string\"}}],\"inLanguage\":\"es\"}]}<\/script>\n<!-- \/ Yoast SEO plugin. -->","yoast_head_json":{"title":"Desarrollos - Ibiza Now Real Estate","robots":{"index":"index","follow":"follow","max-snippet":"max-snippet:-1","max-image-preview":"max-image-preview:large","max-video-preview":"max-video-preview:-1"},"canonical":"https:\/\/www.ibizanowrealestate.com\/es\/new-developments\/","og_locale":"es_ES","og_type":"article","og_title":"Desarrollos - Ibiza Now Real Estate","og_description":"Ibiza Now Real Estate se especializa en nuevas promociones en la isla de Ibiza. Con &hellip;","og_url":"https:\/\/www.ibizanowrealestate.com\/es\/new-developments\/","og_site_name":"Ibiza Now Real Estate","article_modified_time":"2024-11-05T12:42:56+00:00","og_image":[{"width":1920,"height":1080,"url":"https:\/\/www.ibizanowrealestate.com\/wp-content\/uploads\/2024\/10\/8.jpg","type":"image\/jpeg"}],"twitter_card":"summary_large_image","twitter_misc":{"Tiempo de lectura":"1 minuto"},"schema":{"@context":"https:\/\/schema.org","@graph":[{"@type":"WebPage","@id":"https:\/\/www.ibizanowrealestate.com\/es\/new-developments\/","url":"https:\/\/www.ibizanowrealestate.com\/es\/new-developments\/","name":"Desarrollos - Ibiza Now Real Estate","isPartOf":{"@id":"https:\/\/www.ibizanowrealestate.com\/es\/#website"},"primaryImageOfPage":{"@id":"https:\/\/www.ibizanowrealestate.com\/es\/new-developments\/#primaryimage"},"image":{"@id":"https:\/\/www.ibizanowrealestate.com\/new-developments\/#primaryimage"},"thumbnailUrl":"https:\/\/www.ibizanowrealestate.com\/wp-content\/uploads\/2024\/10\/8.jpg","datePublished":"2015-11-27T11:15:26+00:00","dateModified":"2024-11-05T12:42:56+00:00","breadcrumb":{"@id":"https:\/\/www.ibizanowrealestate.com\/es\/new-developments\/#breadcrumb"},"inLanguage":"es","potentialAction":[{"@type":"ReadAction","target":[["https:\/\/www.ibizanowrealestate.com\/es\/new-developments\/"]]}]},{"@type":"ImageObject","inLanguage":"es","@id":"https:\/\/www.ibizanowrealestate.com\/es\/new-developments\/#primaryimage","url":"https:\/\/www.ibizanowrealestate.com\/wp-content\/uploads\/2024\/10\/8.jpg","contentUrl":"https:\/\/www.ibizanowrealestate.com\/wp-content\/uploads\/2024\/10\/8.jpg","width":1920,"height":1080,"caption":"8"},{"@type":"BreadcrumbList","@id":"https:\/\/www.ibizanowrealestate.com\/es\/new-developments\/#breadcrumb","itemListElement":[{"@type":"ListItem","position":1,"name":"Home","item":"https:\/\/www.ibizanowrealestate.com\/es\/"},{"@type":"ListItem","position":2,"name":"New Developments"}]},{"@type":"WebSite","@id":"https:\/\/www.ibizanowrealestate.com\/es\/#website","url":"https:\/\/www.ibizanowrealestate.com\/es\/","name":"Ibiza Now Real Estate","description":"","potentialAction":[{"@type":"SearchAction","target":{"@type":"EntryPoint","urlTemplate":"https:\/\/www.ibizanowrealestate.com\/es\/?s={search_term_string}"},"query-input":{"@type":"PropertyValueSpecification","valueRequired":true,"valueName":"search_term_string"}}],"inLanguage":"es"}]}},"_links":{"self":[{"href":"https:\/\/www.ibizanowrealestate.com\/es\/wp-json\/wp\/v2\/pages\/1349","targetHints":{"allow":["GET"]}}],"collection":[{"href":"https:\/\/www.ibizanowrealestate.com\/es\/wp-json\/wp\/v2\/pages"}],"about":[{"href":"https:\/\/www.ibizanowrealestate.com\/es\/wp-json\/wp\/v2\/types\/page"}],"author":[{"embeddable":true,"href":"https:\/\/www.ibizanowrealestate.com\/es\/wp-json\/wp\/v2\/users\/5"}],"replies":[{"embeddable":true,"href":"https:\/\/www.ibizanowrealestate.com\/es\/wp-json\/wp\/v2\/comments?post=1349"}],"version-history":[{"count":5,"href":"https:\/\/www.ibizanowrealestate.com\/es\/wp-json\/wp\/v2\/pages\/1349\/revisions"}],"predecessor-version":[{"id":30602,"href":"https:\/\/www.ibizanowrealestate.com\/es\/wp-json\/wp\/v2\/pages\/1349\/revisions\/30602"}],"wp:featuredmedia":[{"embeddable":true,"href":"https:\/\/www.ibizanowrealestate.com\/es\/wp-json\/wp\/v2\/media\/29617"}],"wp:attachment":[{"href":"https:\/\/www.ibizanowrealestate.com\/es\/wp-json\/wp\/v2\/media?parent=1349"}],"curies":[{"name":"wp","href":"https:\/\/api.w.org\/{rel}","templated":true}]}}