{"id":13937,"date":"2019-03-14T18:33:17","date_gmt":"2019-03-14T17:33:17","guid":{"rendered":"https:\/\/www.ibizanowrealestate.com\/?page_id=13937"},"modified":"2025-05-28T13:12:05","modified_gmt":"2025-05-28T11:12:05","slug":"holiday-rentals","status":"publish","type":"page","link":"https:\/\/www.ibizanowrealestate.com\/es\/holiday-rentals\/","title":{"rendered":"Alquileres vacacionales"},"content":{"rendered":"<p><\/p>\n<p data-pm-slice=\"1 1 []\">Ya sea que sue\u00f1e con una lujosa villa con piscina privada o un acogedor apartamento con vistas impresionantes, tenemos una colecci\u00f3n de alojamientos vacacionales cuidadosamente seleccionados que se adaptan perfectamente a sus deseos. Nuestras propiedades est\u00e1n ubicadas en los mejores lugares de la isla, para que pueda disfrutar al m\u00e1ximo de todo lo que Ibiza tiene para ofrecer.<\/p>\n<p>Cada alojamiento en nuestra oferta ha sido elegido con cuidado y atenci\u00f3n, para que se sienta como en casa de inmediato. Entendemos que sus vacaciones son una ocasi\u00f3n especial y nos esforzamos por hacer que sean lo m\u00e1s agradables posible.<\/p>\n<p><!--more--><\/p>\n<p>Nuestro equipo dedicado est\u00e1 listo para ayudarle a encontrar el alquiler vacacional ideal. Adem\u00e1s, ofrecemos servicios de conserjer\u00eda \u00fatiles, como transporte desde y hacia el aeropuerto, organizaci\u00f3n de sus compras antes de su llegada y recomendaciones personales sobre actividades y lugares de inter\u00e9s locales.<\/p>\n<p>Ya sea una escapada rom\u00e1ntica o unas vacaciones en familia, nos aseguraremos de que se satisfagan todas sus necesidades. Queremos hacer todo lo posible para que sus vacaciones en Ibiza sean inolvidables. No dude en ponerse en contacto con nosotros y \u00a1planifiquemos juntos sus vacaciones de ensue\u00f1o en esta hermosa isla!<\/p>","protected":false},"excerpt":{"rendered":"<p>Disculpa, pero esta entrada est\u00e1 disponible s\u00f3lo en English.<\/p>\n","protected":false},"author":9,"featured_media":29923,"parent":0,"menu_order":-777,"comment_status":"closed","ping_status":"closed","template":"pages\/template-rentals.php","meta":{"footnotes":""},"class_list":["post-13937","page","type-page","status-publish","has-post-thumbnail","hentry"],"acf":[],"yoast_head":"<!-- This site is optimized with the Yoast SEO plugin v26.9 - https:\/\/yoast.com\/product\/yoast-seo-wordpress\/ -->\n<title>Alquileres vacacionales - Ibiza Now Real Estate<\/title>\n<meta name=\"robots\" content=\"index, follow, max-snippet:-1, max-image-preview:large, max-video-preview:-1\" \/>\n<link rel=\"canonical\" href=\"https:\/\/www.ibizanowrealestate.com\/es\/holiday-rentals\/\" \/>\n<meta property=\"og:locale\" content=\"es_ES\" \/>\n<meta property=\"og:type\" content=\"article\" \/>\n<meta property=\"og:title\" content=\"Alquileres vacacionales - Ibiza Now Real Estate\" \/>\n<meta property=\"og:description\" content=\"Disculpa, pero esta entrada est\u00e1 disponible s\u00f3lo en English.\" \/>\n<meta property=\"og:url\" content=\"https:\/\/www.ibizanowrealestate.com\/es\/holiday-rentals\/\" \/>\n<meta property=\"og:site_name\" content=\"Ibiza Now Real Estate\" \/>\n<meta property=\"article:modified_time\" content=\"2025-05-28T11:12:05+00:00\" \/>\n<meta property=\"og:image\" content=\"https:\/\/www.ibizanowrealestate.com\/wp-content\/uploads\/2024\/10\/40-e1728908200321.jpg\" \/>\n\t<meta property=\"og:image:width\" content=\"1916\" \/>\n\t<meta property=\"og:image:height\" content=\"1065\" \/>\n\t<meta property=\"og:image:type\" content=\"image\/jpeg\" \/>\n<meta name=\"twitter:card\" content=\"summary_large_image\" \/>\n<meta name=\"twitter:label1\" content=\"Tiempo de lectura\" \/>\n\t<meta name=\"twitter:data1\" content=\"1 minuto\" \/>\n<script type=\"application\/ld+json\" class=\"yoast-schema-graph\">{\"@context\":\"https:\/\/schema.org\",\"@graph\":[{\"@type\":\"WebPage\",\"@id\":\"https:\/\/www.ibizanowrealestate.com\/es\/holiday-rentals\/\",\"url\":\"https:\/\/www.ibizanowrealestate.com\/es\/holiday-rentals\/\",\"name\":\"Alquileres vacacionales - Ibiza Now Real Estate\",\"isPartOf\":{\"@id\":\"https:\/\/www.ibizanowrealestate.com\/es\/#website\"},\"primaryImageOfPage\":{\"@id\":\"https:\/\/www.ibizanowrealestate.com\/es\/holiday-rentals\/#primaryimage\"},\"image\":{\"@id\":\"https:\/\/www.ibizanowrealestate.com\/holiday-rentals\/#primaryimage\"},\"thumbnailUrl\":\"https:\/\/www.ibizanowrealestate.com\/wp-content\/uploads\/2024\/10\/40-e1728908200321.jpg\",\"datePublished\":\"2019-03-14T17:33:17+00:00\",\"dateModified\":\"2025-05-28T11:12:05+00:00\",\"breadcrumb\":{\"@id\":\"https:\/\/www.ibizanowrealestate.com\/es\/holiday-rentals\/#breadcrumb\"},\"inLanguage\":\"es\",\"potentialAction\":[{\"@type\":\"ReadAction\",\"target\":[[\"https:\/\/www.ibizanowrealestate.com\/es\/holiday-rentals\/\"]]}]},{\"@type\":\"ImageObject\",\"inLanguage\":\"es\",\"@id\":\"https:\/\/www.ibizanowrealestate.com\/es\/holiday-rentals\/#primaryimage\",\"url\":\"https:\/\/www.ibizanowrealestate.com\/wp-content\/uploads\/2024\/10\/40-e1728908200321.jpg\",\"contentUrl\":\"https:\/\/www.ibizanowrealestate.com\/wp-content\/uploads\/2024\/10\/40-e1728908200321.jpg\",\"width\":1916,\"height\":1065,\"caption\":\"40\"},{\"@type\":\"BreadcrumbList\",\"@id\":\"https:\/\/www.ibizanowrealestate.com\/es\/holiday-rentals\/#breadcrumb\",\"itemListElement\":[{\"@type\":\"ListItem\",\"position\":1,\"name\":\"Home\",\"item\":\"https:\/\/www.ibizanowrealestate.com\/es\/\"},{\"@type\":\"ListItem\",\"position\":2,\"name\":\"Holiday Rental\"}]},{\"@type\":\"WebSite\",\"@id\":\"https:\/\/www.ibizanowrealestate.com\/es\/#website\",\"url\":\"https:\/\/www.ibizanowrealestate.com\/es\/\",\"name\":\"Ibiza Now Real Estate\",\"description\":\"\",\"potentialAction\":[{\"@type\":\"SearchAction\",\"target\":{\"@type\":\"EntryPoint\",\"urlTemplate\":\"https:\/\/www.ibizanowrealestate.com\/es\/?s={search_term_string}\"},\"query-input\":{\"@type\":\"PropertyValueSpecification\",\"valueRequired\":true,\"valueName\":\"search_term_string\"}}],\"inLanguage\":\"es\"}]}<\/script>\n<!-- \/ Yoast SEO plugin. -->","yoast_head_json":{"title":"Alquileres vacacionales - Ibiza Now Real Estate","robots":{"index":"index","follow":"follow","max-snippet":"max-snippet:-1","max-image-preview":"max-image-preview:large","max-video-preview":"max-video-preview:-1"},"canonical":"https:\/\/www.ibizanowrealestate.com\/es\/holiday-rentals\/","og_locale":"es_ES","og_type":"article","og_title":"Alquileres vacacionales - Ibiza Now Real Estate","og_description":"Disculpa, pero esta entrada est\u00e1 disponible s\u00f3lo en English.","og_url":"https:\/\/www.ibizanowrealestate.com\/es\/holiday-rentals\/","og_site_name":"Ibiza Now Real Estate","article_modified_time":"2025-05-28T11:12:05+00:00","og_image":[{"width":1916,"height":1065,"url":"https:\/\/www.ibizanowrealestate.com\/wp-content\/uploads\/2024\/10\/40-e1728908200321.jpg","type":"image\/jpeg"}],"twitter_card":"summary_large_image","twitter_misc":{"Tiempo de lectura":"1 minuto"},"schema":{"@context":"https:\/\/schema.org","@graph":[{"@type":"WebPage","@id":"https:\/\/www.ibizanowrealestate.com\/es\/holiday-rentals\/","url":"https:\/\/www.ibizanowrealestate.com\/es\/holiday-rentals\/","name":"Alquileres vacacionales - Ibiza Now Real Estate","isPartOf":{"@id":"https:\/\/www.ibizanowrealestate.com\/es\/#website"},"primaryImageOfPage":{"@id":"https:\/\/www.ibizanowrealestate.com\/es\/holiday-rentals\/#primaryimage"},"image":{"@id":"https:\/\/www.ibizanowrealestate.com\/holiday-rentals\/#primaryimage"},"thumbnailUrl":"https:\/\/www.ibizanowrealestate.com\/wp-content\/uploads\/2024\/10\/40-e1728908200321.jpg","datePublished":"2019-03-14T17:33:17+00:00","dateModified":"2025-05-28T11:12:05+00:00","breadcrumb":{"@id":"https:\/\/www.ibizanowrealestate.com\/es\/holiday-rentals\/#breadcrumb"},"inLanguage":"es","potentialAction":[{"@type":"ReadAction","target":[["https:\/\/www.ibizanowrealestate.com\/es\/holiday-rentals\/"]]}]},{"@type":"ImageObject","inLanguage":"es","@id":"https:\/\/www.ibizanowrealestate.com\/es\/holiday-rentals\/#primaryimage","url":"https:\/\/www.ibizanowrealestate.com\/wp-content\/uploads\/2024\/10\/40-e1728908200321.jpg","contentUrl":"https:\/\/www.ibizanowrealestate.com\/wp-content\/uploads\/2024\/10\/40-e1728908200321.jpg","width":1916,"height":1065,"caption":"40"},{"@type":"BreadcrumbList","@id":"https:\/\/www.ibizanowrealestate.com\/es\/holiday-rentals\/#breadcrumb","itemListElement":[{"@type":"ListItem","position":1,"name":"Home","item":"https:\/\/www.ibizanowrealestate.com\/es\/"},{"@type":"ListItem","position":2,"name":"Holiday Rental"}]},{"@type":"WebSite","@id":"https:\/\/www.ibizanowrealestate.com\/es\/#website","url":"https:\/\/www.ibizanowrealestate.com\/es\/","name":"Ibiza Now Real Estate","description":"","potentialAction":[{"@type":"SearchAction","target":{"@type":"EntryPoint","urlTemplate":"https:\/\/www.ibizanowrealestate.com\/es\/?s={search_term_string}"},"query-input":{"@type":"PropertyValueSpecification","valueRequired":true,"valueName":"search_term_string"}}],"inLanguage":"es"}]}},"_links":{"self":[{"href":"https:\/\/www.ibizanowrealestate.com\/es\/wp-json\/wp\/v2\/pages\/13937","targetHints":{"allow":["GET"]}}],"collection":[{"href":"https:\/\/www.ibizanowrealestate.com\/es\/wp-json\/wp\/v2\/pages"}],"about":[{"href":"https:\/\/www.ibizanowrealestate.com\/es\/wp-json\/wp\/v2\/types\/page"}],"author":[{"embeddable":true,"href":"https:\/\/www.ibizanowrealestate.com\/es\/wp-json\/wp\/v2\/users\/9"}],"replies":[{"embeddable":true,"href":"https:\/\/www.ibizanowrealestate.com\/es\/wp-json\/wp\/v2\/comments?post=13937"}],"version-history":[{"count":32,"href":"https:\/\/www.ibizanowrealestate.com\/es\/wp-json\/wp\/v2\/pages\/13937\/revisions"}],"predecessor-version":[{"id":34274,"href":"https:\/\/www.ibizanowrealestate.com\/es\/wp-json\/wp\/v2\/pages\/13937\/revisions\/34274"}],"wp:featuredmedia":[{"embeddable":true,"href":"https:\/\/www.ibizanowrealestate.com\/es\/wp-json\/wp\/v2\/media\/29923"}],"wp:attachment":[{"href":"https:\/\/www.ibizanowrealestate.com\/es\/wp-json\/wp\/v2\/media?parent=13937"}],"curies":[{"name":"wp","href":"https:\/\/api.w.org\/{rel}","templated":true}]}}