{"id":249,"date":"2011-12-14T04:51:49","date_gmt":"2011-12-14T04:51:49","guid":{"rendered":"http:\/\/wp.contempographicdesign.com\/wp_artisan\/?page_id=31"},"modified":"2025-02-10T11:19:26","modified_gmt":"2025-02-10T10:19:26","slug":"contact","status":"publish","type":"page","link":"https:\/\/www.ibizanowrealestate.com\/es\/contact\/","title":{"rendered":"Contacto"},"content":{"rendered":"<p><strong>No dude en ponerse en contacto con nosotros a trav\u00e9s del siguiente formulario. Comparta sus pensamientos, preguntas o preocupaciones, y le aseguraremos una respuesta r\u00e1pida y atenta. Su viaje inmobiliario es nuestra prioridad, y estamos dedicados a proporcionar la orientaci\u00f3n y el apoyo que necesita.<\/strong><\/p>\n<p><strong>Gracias por considerarnos sus socios de confianza en el sector inmobiliario. Esperamos tener noticias suyas pronto.<\/strong><\/p>\n<p><strong>Un cordial saludo,<\/strong><\/p>\n<p><strong>Maxim &amp; Antoine<\/strong><\/p>\n<p>&nbsp;<\/p>","protected":false},"excerpt":{"rendered":"<p>No dude en ponerse en contacto con nosotros a trav\u00e9s del siguiente formulario. Comparta sus &hellip;<\/p>\n","protected":false},"author":5,"featured_media":22562,"parent":0,"menu_order":-333,"comment_status":"open","ping_status":"open","template":"pages\/template-contact.php","meta":{"footnotes":""},"class_list":["post-249","page","type-page","status-publish","has-post-thumbnail","hentry"],"acf":[],"yoast_head":"<!-- This site is optimized with the Yoast SEO plugin v27.5 - https:\/\/yoast.com\/product\/yoast-seo-wordpress\/ -->\n<title>Contacto - Ibiza Now Real Estate<\/title>\n<meta name=\"robots\" content=\"index, follow, max-snippet:-1, max-image-preview:large, max-video-preview:-1\" \/>\n<link rel=\"canonical\" href=\"https:\/\/www.ibizanowrealestate.com\/es\/contact\/\" \/>\n<meta property=\"og:locale\" content=\"es_ES\" \/>\n<meta property=\"og:type\" content=\"article\" \/>\n<meta property=\"og:title\" content=\"Contacto - Ibiza Now Real Estate\" \/>\n<meta property=\"og:description\" content=\"No dude en ponerse en contacto con nosotros a trav\u00e9s del siguiente formulario. Comparta sus &hellip;\" \/>\n<meta property=\"og:url\" content=\"https:\/\/www.ibizanowrealestate.com\/es\/contact\/\" \/>\n<meta property=\"og:site_name\" content=\"Ibiza Now Real Estate\" \/>\n<meta property=\"article:modified_time\" content=\"2025-02-10T10:19:26+00:00\" \/>\n<meta property=\"og:image\" content=\"https:\/\/www.ibizanowrealestate.com\/wp-content\/uploads\/2023\/03\/maxime-antoine-ibizanow-realestate.jpg\" \/>\n\t<meta property=\"og:image:width\" content=\"1920\" \/>\n\t<meta property=\"og:image:height\" content=\"1920\" \/>\n\t<meta property=\"og:image:type\" content=\"image\/jpeg\" \/>\n<meta name=\"twitter:card\" content=\"summary_large_image\" \/>\n<meta name=\"twitter:label1\" content=\"Tiempo de lectura\" \/>\n\t<meta name=\"twitter:data1\" content=\"1 minuto\" \/>\n<script type=\"application\/ld+json\" class=\"yoast-schema-graph\">{\"@context\":\"https:\\\/\\\/schema.org\",\"@graph\":[{\"@type\":\"WebPage\",\"@id\":\"https:\\\/\\\/www.ibizanowrealestate.com\\\/es\\\/contact\\\/\",\"url\":\"https:\\\/\\\/www.ibizanowrealestate.com\\\/es\\\/contact\\\/\",\"name\":\"Contacto - Ibiza Now Real Estate\",\"isPartOf\":{\"@id\":\"https:\\\/\\\/www.ibizanowrealestate.com\\\/es\\\/#website\"},\"primaryImageOfPage\":{\"@id\":\"https:\\\/\\\/www.ibizanowrealestate.com\\\/es\\\/contact\\\/#primaryimage\"},\"image\":{\"@id\":\"https:\\\/\\\/www.ibizanowrealestate.com\\\/contact\\\/#primaryimage\"},\"thumbnailUrl\":\"https:\\\/\\\/www.ibizanowrealestate.com\\\/wp-content\\\/uploads\\\/2023\\\/03\\\/maxime-antoine-ibizanow-realestate.jpg\",\"datePublished\":\"2011-12-14T04:51:49+00:00\",\"dateModified\":\"2025-02-10T10:19:26+00:00\",\"breadcrumb\":{\"@id\":\"https:\\\/\\\/www.ibizanowrealestate.com\\\/es\\\/contact\\\/#breadcrumb\"},\"inLanguage\":\"es\",\"potentialAction\":[{\"@type\":\"ReadAction\",\"target\":[[\"https:\\\/\\\/www.ibizanowrealestate.com\\\/es\\\/contact\\\/\"]]}]},{\"@type\":\"ImageObject\",\"inLanguage\":\"es\",\"@id\":\"https:\\\/\\\/www.ibizanowrealestate.com\\\/es\\\/contact\\\/#primaryimage\",\"url\":\"https:\\\/\\\/www.ibizanowrealestate.com\\\/wp-content\\\/uploads\\\/2023\\\/03\\\/maxime-antoine-ibizanow-realestate.jpg\",\"contentUrl\":\"https:\\\/\\\/www.ibizanowrealestate.com\\\/wp-content\\\/uploads\\\/2023\\\/03\\\/maxime-antoine-ibizanow-realestate.jpg\",\"width\":1920,\"height\":1920,\"caption\":\"Maxime Antoine IbizaNOW Realestate\"},{\"@type\":\"BreadcrumbList\",\"@id\":\"https:\\\/\\\/www.ibizanowrealestate.com\\\/es\\\/contact\\\/#breadcrumb\",\"itemListElement\":[{\"@type\":\"ListItem\",\"position\":1,\"name\":\"Home\",\"item\":\"https:\\\/\\\/www.ibizanowrealestate.com\\\/es\\\/\"},{\"@type\":\"ListItem\",\"position\":2,\"name\":\"Contact\"}]},{\"@type\":\"WebSite\",\"@id\":\"https:\\\/\\\/www.ibizanowrealestate.com\\\/es\\\/#website\",\"url\":\"https:\\\/\\\/www.ibizanowrealestate.com\\\/es\\\/\",\"name\":\"Ibiza Now Real Estate\",\"description\":\"\",\"potentialAction\":[{\"@type\":\"SearchAction\",\"target\":{\"@type\":\"EntryPoint\",\"urlTemplate\":\"https:\\\/\\\/www.ibizanowrealestate.com\\\/es\\\/?s={search_term_string}\"},\"query-input\":{\"@type\":\"PropertyValueSpecification\",\"valueRequired\":true,\"valueName\":\"search_term_string\"}}],\"inLanguage\":\"es\"}]}<\/script>\n<!-- \/ Yoast SEO plugin. -->","yoast_head_json":{"title":"Contacto - Ibiza Now Real Estate","robots":{"index":"index","follow":"follow","max-snippet":"max-snippet:-1","max-image-preview":"max-image-preview:large","max-video-preview":"max-video-preview:-1"},"canonical":"https:\/\/www.ibizanowrealestate.com\/es\/contact\/","og_locale":"es_ES","og_type":"article","og_title":"Contacto - Ibiza Now Real Estate","og_description":"No dude en ponerse en contacto con nosotros a trav\u00e9s del siguiente formulario. Comparta sus &hellip;","og_url":"https:\/\/www.ibizanowrealestate.com\/es\/contact\/","og_site_name":"Ibiza Now Real Estate","article_modified_time":"2025-02-10T10:19:26+00:00","og_image":[{"width":1920,"height":1920,"url":"https:\/\/www.ibizanowrealestate.com\/wp-content\/uploads\/2023\/03\/maxime-antoine-ibizanow-realestate.jpg","type":"image\/jpeg"}],"twitter_card":"summary_large_image","twitter_misc":{"Tiempo de lectura":"1 minuto"},"schema":{"@context":"https:\/\/schema.org","@graph":[{"@type":"WebPage","@id":"https:\/\/www.ibizanowrealestate.com\/es\/contact\/","url":"https:\/\/www.ibizanowrealestate.com\/es\/contact\/","name":"Contacto - Ibiza Now Real Estate","isPartOf":{"@id":"https:\/\/www.ibizanowrealestate.com\/es\/#website"},"primaryImageOfPage":{"@id":"https:\/\/www.ibizanowrealestate.com\/es\/contact\/#primaryimage"},"image":{"@id":"https:\/\/www.ibizanowrealestate.com\/contact\/#primaryimage"},"thumbnailUrl":"https:\/\/www.ibizanowrealestate.com\/wp-content\/uploads\/2023\/03\/maxime-antoine-ibizanow-realestate.jpg","datePublished":"2011-12-14T04:51:49+00:00","dateModified":"2025-02-10T10:19:26+00:00","breadcrumb":{"@id":"https:\/\/www.ibizanowrealestate.com\/es\/contact\/#breadcrumb"},"inLanguage":"es","potentialAction":[{"@type":"ReadAction","target":[["https:\/\/www.ibizanowrealestate.com\/es\/contact\/"]]}]},{"@type":"ImageObject","inLanguage":"es","@id":"https:\/\/www.ibizanowrealestate.com\/es\/contact\/#primaryimage","url":"https:\/\/www.ibizanowrealestate.com\/wp-content\/uploads\/2023\/03\/maxime-antoine-ibizanow-realestate.jpg","contentUrl":"https:\/\/www.ibizanowrealestate.com\/wp-content\/uploads\/2023\/03\/maxime-antoine-ibizanow-realestate.jpg","width":1920,"height":1920,"caption":"Maxime Antoine IbizaNOW Realestate"},{"@type":"BreadcrumbList","@id":"https:\/\/www.ibizanowrealestate.com\/es\/contact\/#breadcrumb","itemListElement":[{"@type":"ListItem","position":1,"name":"Home","item":"https:\/\/www.ibizanowrealestate.com\/es\/"},{"@type":"ListItem","position":2,"name":"Contact"}]},{"@type":"WebSite","@id":"https:\/\/www.ibizanowrealestate.com\/es\/#website","url":"https:\/\/www.ibizanowrealestate.com\/es\/","name":"Ibiza Now Real Estate","description":"","potentialAction":[{"@type":"SearchAction","target":{"@type":"EntryPoint","urlTemplate":"https:\/\/www.ibizanowrealestate.com\/es\/?s={search_term_string}"},"query-input":{"@type":"PropertyValueSpecification","valueRequired":true,"valueName":"search_term_string"}}],"inLanguage":"es"}]}},"_links":{"self":[{"href":"https:\/\/www.ibizanowrealestate.com\/es\/wp-json\/wp\/v2\/pages\/249","targetHints":{"allow":["GET"]}}],"collection":[{"href":"https:\/\/www.ibizanowrealestate.com\/es\/wp-json\/wp\/v2\/pages"}],"about":[{"href":"https:\/\/www.ibizanowrealestate.com\/es\/wp-json\/wp\/v2\/types\/page"}],"author":[{"embeddable":true,"href":"https:\/\/www.ibizanowrealestate.com\/es\/wp-json\/wp\/v2\/users\/5"}],"replies":[{"embeddable":true,"href":"https:\/\/www.ibizanowrealestate.com\/es\/wp-json\/wp\/v2\/comments?post=249"}],"version-history":[{"count":5,"href":"https:\/\/www.ibizanowrealestate.com\/es\/wp-json\/wp\/v2\/pages\/249\/revisions"}],"predecessor-version":[{"id":32034,"href":"https:\/\/www.ibizanowrealestate.com\/es\/wp-json\/wp\/v2\/pages\/249\/revisions\/32034"}],"wp:featuredmedia":[{"embeddable":true,"href":"https:\/\/www.ibizanowrealestate.com\/es\/wp-json\/wp\/v2\/media\/22562"}],"wp:attachment":[{"href":"https:\/\/www.ibizanowrealestate.com\/es\/wp-json\/wp\/v2\/media?parent=249"}],"curies":[{"name":"wp","href":"https:\/\/api.w.org\/{rel}","templated":true}]}}