{"id":32027,"date":"2025-02-07T18:25:39","date_gmt":"2025-02-07T17:25:39","guid":{"rendered":"https:\/\/www.ibizanowrealestate.com\/?page_id=32027"},"modified":"2025-09-04T13:57:35","modified_gmt":"2025-09-04T11:57:35","slug":"off-market-request","status":"publish","type":"page","link":"https:\/\/www.ibizanowrealestate.com\/es\/off-market-request\/","title":{"rendered":"Off-Market"},"content":{"rendered":"<p><\/p>\n<p class=\"p1\">Algunas de las propiedades m\u00e1s codiciadas de Ibiza nunca llegan al mercado p\u00fablico. Estas viviendas se venden de forma discreta a trav\u00e9s de una red de confianza compuesta por agentes profesionales y compradores serios.<\/p>\n<p class=\"p1\">Gracias a relaciones duraderas y conexiones locales consolidadas, tenemos acceso exclusivo a este segmento oculto del mercado inmobiliario.<\/p>\n<p class=\"p1\">A trav\u00e9s de esta p\u00e1gina, puedes solicitar acceso a una cuidada selecci\u00f3n de propiedades fuera de mercado: viviendas que no se anuncian en l\u00ednea y que solo est\u00e1n disponibles para un grupo limitado de compradores cualificados.<\/p>\n<p class=\"p1\">Como parte del proceso, te haremos algunas preguntas sobre tu b\u00fasqueda para asegurarnos de presentarte oportunidades que realmente se ajusten a tus necesidades y para proteger la privacidad de nuestros vendedores.<\/p>\n<p class=\"p1\">Una vez aprobada tu solicitud, recibir\u00e1s un enlace de acceso personal que te permitir\u00e1 explorar nuestra cartera actual de propiedades fuera de mercado durante 48 horas.<\/p>\n<p><\/p>","protected":false},"excerpt":{"rendered":"<p>Algunas de las propiedades m\u00e1s codiciadas de Ibiza nunca llegan al mercado p\u00fablico. Estas viviendas &hellip;<\/p>\n","protected":false},"author":10,"featured_media":33896,"parent":0,"menu_order":0,"comment_status":"closed","ping_status":"closed","template":"page-off-market.php","meta":{"footnotes":""},"class_list":["post-32027","page","type-page","status-publish","has-post-thumbnail","hentry"],"acf":[],"yoast_head":"<!-- This site is optimized with the Yoast SEO plugin v26.9 - https:\/\/yoast.com\/product\/yoast-seo-wordpress\/ -->\n<title>Off-Market - Ibiza Now Real Estate<\/title>\n<meta name=\"robots\" content=\"noindex, nofollow\" \/>\n<meta property=\"og:locale\" content=\"es_ES\" \/>\n<meta property=\"og:type\" content=\"article\" \/>\n<meta property=\"og:title\" content=\"Off-Market - Ibiza Now Real Estate\" \/>\n<meta property=\"og:description\" content=\"Algunas de las propiedades m\u00e1s codiciadas de Ibiza nunca llegan al mercado p\u00fablico. Estas viviendas &hellip;\" \/>\n<meta property=\"og:url\" content=\"https:\/\/www.ibizanowrealestate.com\/es\/off-market-request\/\" \/>\n<meta property=\"og:site_name\" content=\"Ibiza Now Real Estate\" \/>\n<meta property=\"article:modified_time\" content=\"2025-09-04T11:57:35+00:00\" \/>\n<meta property=\"og:image\" content=\"https:\/\/www.ibizanowrealestate.com\/wp-content\/uploads\/2025\/04\/jusite.jpg\" \/>\n\t<meta property=\"og:image:width\" content=\"1920\" \/>\n\t<meta property=\"og:image:height\" content=\"1254\" \/>\n\t<meta property=\"og:image:type\" content=\"image\/jpeg\" \/>\n<meta name=\"twitter:card\" content=\"summary_large_image\" \/>\n<meta name=\"twitter:label1\" content=\"Tiempo de lectura\" \/>\n\t<meta name=\"twitter:data1\" content=\"1 minuto\" \/>\n<script type=\"application\/ld+json\" class=\"yoast-schema-graph\">{\"@context\":\"https:\/\/schema.org\",\"@graph\":[{\"@type\":\"WebPage\",\"@id\":\"https:\/\/www.ibizanowrealestate.com\/es\/off-market-request\/\",\"url\":\"https:\/\/www.ibizanowrealestate.com\/es\/off-market-request\/\",\"name\":\"Off-Market - Ibiza Now Real Estate\",\"isPartOf\":{\"@id\":\"https:\/\/www.ibizanowrealestate.com\/es\/#website\"},\"primaryImageOfPage\":{\"@id\":\"https:\/\/www.ibizanowrealestate.com\/es\/off-market-request\/#primaryimage\"},\"image\":{\"@id\":\"https:\/\/www.ibizanowrealestate.com\/off-market-request\/#primaryimage\"},\"thumbnailUrl\":\"https:\/\/www.ibizanowrealestate.com\/wp-content\/uploads\/2025\/04\/jusite.jpg\",\"datePublished\":\"2025-02-07T17:25:39+00:00\",\"dateModified\":\"2025-09-04T11:57:35+00:00\",\"breadcrumb\":{\"@id\":\"https:\/\/www.ibizanowrealestate.com\/es\/off-market-request\/#breadcrumb\"},\"inLanguage\":\"es\",\"potentialAction\":[{\"@type\":\"ReadAction\",\"target\":[[\"https:\/\/www.ibizanowrealestate.com\/es\/off-market-request\/\"]]}]},{\"@type\":\"ImageObject\",\"inLanguage\":\"es\",\"@id\":\"https:\/\/www.ibizanowrealestate.com\/es\/off-market-request\/#primaryimage\",\"url\":\"https:\/\/www.ibizanowrealestate.com\/wp-content\/uploads\/2025\/04\/jusite.jpg\",\"contentUrl\":\"https:\/\/www.ibizanowrealestate.com\/wp-content\/uploads\/2025\/04\/jusite.jpg\",\"width\":1920,\"height\":1254,\"caption\":\"Jusite\"},{\"@type\":\"BreadcrumbList\",\"@id\":\"https:\/\/www.ibizanowrealestate.com\/es\/off-market-request\/#breadcrumb\",\"itemListElement\":[{\"@type\":\"ListItem\",\"position\":1,\"name\":\"Home\",\"item\":\"https:\/\/www.ibizanowrealestate.com\/es\/\"},{\"@type\":\"ListItem\",\"position\":2,\"name\":\"Off Market Request\"}]},{\"@type\":\"WebSite\",\"@id\":\"https:\/\/www.ibizanowrealestate.com\/es\/#website\",\"url\":\"https:\/\/www.ibizanowrealestate.com\/es\/\",\"name\":\"Ibiza Now Real Estate\",\"description\":\"\",\"potentialAction\":[{\"@type\":\"SearchAction\",\"target\":{\"@type\":\"EntryPoint\",\"urlTemplate\":\"https:\/\/www.ibizanowrealestate.com\/es\/?s={search_term_string}\"},\"query-input\":{\"@type\":\"PropertyValueSpecification\",\"valueRequired\":true,\"valueName\":\"search_term_string\"}}],\"inLanguage\":\"es\"}]}<\/script>\n<!-- \/ Yoast SEO plugin. -->","yoast_head_json":{"title":"Off-Market - Ibiza Now Real Estate","robots":{"index":"noindex","follow":"nofollow"},"og_locale":"es_ES","og_type":"article","og_title":"Off-Market - Ibiza Now Real Estate","og_description":"Algunas de las propiedades m\u00e1s codiciadas de Ibiza nunca llegan al mercado p\u00fablico. Estas viviendas &hellip;","og_url":"https:\/\/www.ibizanowrealestate.com\/es\/off-market-request\/","og_site_name":"Ibiza Now Real Estate","article_modified_time":"2025-09-04T11:57:35+00:00","og_image":[{"width":1920,"height":1254,"url":"https:\/\/www.ibizanowrealestate.com\/wp-content\/uploads\/2025\/04\/jusite.jpg","type":"image\/jpeg"}],"twitter_card":"summary_large_image","twitter_misc":{"Tiempo de lectura":"1 minuto"},"schema":{"@context":"https:\/\/schema.org","@graph":[{"@type":"WebPage","@id":"https:\/\/www.ibizanowrealestate.com\/es\/off-market-request\/","url":"https:\/\/www.ibizanowrealestate.com\/es\/off-market-request\/","name":"Off-Market - Ibiza Now Real Estate","isPartOf":{"@id":"https:\/\/www.ibizanowrealestate.com\/es\/#website"},"primaryImageOfPage":{"@id":"https:\/\/www.ibizanowrealestate.com\/es\/off-market-request\/#primaryimage"},"image":{"@id":"https:\/\/www.ibizanowrealestate.com\/off-market-request\/#primaryimage"},"thumbnailUrl":"https:\/\/www.ibizanowrealestate.com\/wp-content\/uploads\/2025\/04\/jusite.jpg","datePublished":"2025-02-07T17:25:39+00:00","dateModified":"2025-09-04T11:57:35+00:00","breadcrumb":{"@id":"https:\/\/www.ibizanowrealestate.com\/es\/off-market-request\/#breadcrumb"},"inLanguage":"es","potentialAction":[{"@type":"ReadAction","target":[["https:\/\/www.ibizanowrealestate.com\/es\/off-market-request\/"]]}]},{"@type":"ImageObject","inLanguage":"es","@id":"https:\/\/www.ibizanowrealestate.com\/es\/off-market-request\/#primaryimage","url":"https:\/\/www.ibizanowrealestate.com\/wp-content\/uploads\/2025\/04\/jusite.jpg","contentUrl":"https:\/\/www.ibizanowrealestate.com\/wp-content\/uploads\/2025\/04\/jusite.jpg","width":1920,"height":1254,"caption":"Jusite"},{"@type":"BreadcrumbList","@id":"https:\/\/www.ibizanowrealestate.com\/es\/off-market-request\/#breadcrumb","itemListElement":[{"@type":"ListItem","position":1,"name":"Home","item":"https:\/\/www.ibizanowrealestate.com\/es\/"},{"@type":"ListItem","position":2,"name":"Off Market Request"}]},{"@type":"WebSite","@id":"https:\/\/www.ibizanowrealestate.com\/es\/#website","url":"https:\/\/www.ibizanowrealestate.com\/es\/","name":"Ibiza Now Real Estate","description":"","potentialAction":[{"@type":"SearchAction","target":{"@type":"EntryPoint","urlTemplate":"https:\/\/www.ibizanowrealestate.com\/es\/?s={search_term_string}"},"query-input":{"@type":"PropertyValueSpecification","valueRequired":true,"valueName":"search_term_string"}}],"inLanguage":"es"}]}},"_links":{"self":[{"href":"https:\/\/www.ibizanowrealestate.com\/es\/wp-json\/wp\/v2\/pages\/32027","targetHints":{"allow":["GET"]}}],"collection":[{"href":"https:\/\/www.ibizanowrealestate.com\/es\/wp-json\/wp\/v2\/pages"}],"about":[{"href":"https:\/\/www.ibizanowrealestate.com\/es\/wp-json\/wp\/v2\/types\/page"}],"author":[{"embeddable":true,"href":"https:\/\/www.ibizanowrealestate.com\/es\/wp-json\/wp\/v2\/users\/10"}],"replies":[{"embeddable":true,"href":"https:\/\/www.ibizanowrealestate.com\/es\/wp-json\/wp\/v2\/comments?post=32027"}],"version-history":[{"count":27,"href":"https:\/\/www.ibizanowrealestate.com\/es\/wp-json\/wp\/v2\/pages\/32027\/revisions"}],"predecessor-version":[{"id":33952,"href":"https:\/\/www.ibizanowrealestate.com\/es\/wp-json\/wp\/v2\/pages\/32027\/revisions\/33952"}],"wp:featuredmedia":[{"embeddable":true,"href":"https:\/\/www.ibizanowrealestate.com\/es\/wp-json\/wp\/v2\/media\/33896"}],"wp:attachment":[{"href":"https:\/\/www.ibizanowrealestate.com\/es\/wp-json\/wp\/v2\/media?parent=32027"}],"curies":[{"name":"wp","href":"https:\/\/api.w.org\/{rel}","templated":true}]}}