{"id":546,"date":"2013-06-26T19:43:17","date_gmt":"2013-06-26T19:43:17","guid":{"rendered":"http:\/\/wp.contempographicdesign.com\/wp_real_estate_5\/?page_id=546"},"modified":"2025-03-20T13:55:50","modified_gmt":"2025-03-20T12:55:50","slug":"about-us","status":"publish","type":"page","link":"https:\/\/www.ibizanowrealestate.com\/es\/about-us\/","title":{"rendered":"Nosotros"},"content":{"rendered":"<p><\/p>\n<p data-start=\"172\" data-end=\"460\">IBIZA NOW es una din\u00e1mica agencia inmobiliaria fundada por nosotros, Maxim &amp; Antoine, ambos de origen holand\u00e9s. Contamos con m\u00e1s de 10 a\u00f1os de experiencia en el sector inmobiliario en Espa\u00f1a y en Ibiza, y hablamos varios idiomas, como ingl\u00e9s, espa\u00f1ol, alem\u00e1n y holand\u00e9s.<\/p>\n<p data-start=\"462\" data-end=\"739\">Gracias a nuestra experiencia y enfoque personalizado, garantizamos que la b\u00fasqueda de su propiedad sea un proceso eficiente y satisfactorio. En un mercado tan din\u00e1mico, creemos que nuestros clientes necesitan atenci\u00f3n personalizada y un servicio de alta calidad.<\/p>\n<p data-start=\"462\" data-end=\"739\"><!--more--><\/p>\n<p data-start=\"741\" data-end=\"951\">A lo largo de los a\u00f1os, hemos construido una s\u00f3lida red de contactos de confianza, incluyendo abogados, arquitectos y constructores, que ponemos a su disposici\u00f3n para brindarle el mejor asesoramiento.<\/p>\n<p data-start=\"953\" data-end=\"1156\">Adem\u00e1s de nuestro propio portafolio, trabajamos con otras agencias, lo que nos permite ampliar las opciones disponibles y ahorrar tiempo a nuestros clientes al encargarnos de la b\u00fasqueda por ellos.<\/p>\n<p><\/p>","protected":false},"excerpt":{"rendered":"<p>Disculpa, pero esta entrada est\u00e1 disponible s\u00f3lo en English.<\/p>\n","protected":false},"author":5,"featured_media":33191,"parent":0,"menu_order":-444,"comment_status":"open","ping_status":"open","template":"page-about.php","meta":{"footnotes":""},"class_list":["post-546","page","type-page","status-publish","has-post-thumbnail","hentry"],"acf":[],"yoast_head":"<!-- This site is optimized with the Yoast SEO plugin v27.5 - https:\/\/yoast.com\/product\/yoast-seo-wordpress\/ -->\n<title>Nosotros - Ibiza Now Real Estate<\/title>\n<meta name=\"robots\" content=\"index, follow, max-snippet:-1, max-image-preview:large, max-video-preview:-1\" \/>\n<link rel=\"canonical\" href=\"https:\/\/www.ibizanowrealestate.com\/es\/about-us\/\" \/>\n<meta property=\"og:locale\" content=\"es_ES\" \/>\n<meta property=\"og:type\" content=\"article\" \/>\n<meta property=\"og:title\" content=\"Nosotros - Ibiza Now Real Estate\" \/>\n<meta property=\"og:description\" content=\"Disculpa, pero esta entrada est\u00e1 disponible s\u00f3lo en English.\" \/>\n<meta property=\"og:url\" content=\"https:\/\/www.ibizanowrealestate.com\/es\/about-us\/\" \/>\n<meta property=\"og:site_name\" content=\"Ibiza Now Real Estate\" \/>\n<meta property=\"article:modified_time\" content=\"2025-03-20T12:55:50+00:00\" \/>\n<meta property=\"og:image\" content=\"https:\/\/www.ibizanowrealestate.com\/wp-content\/uploads\/2025\/03\/okoookkk-e1742474809900.jpg\" \/>\n\t<meta property=\"og:image:width\" content=\"1790\" \/>\n\t<meta property=\"og:image:height\" content=\"1190\" \/>\n\t<meta property=\"og:image:type\" content=\"image\/jpeg\" \/>\n<meta name=\"twitter:card\" content=\"summary_large_image\" \/>\n<meta name=\"twitter:label1\" content=\"Tiempo de lectura\" \/>\n\t<meta name=\"twitter:data1\" content=\"1 minuto\" \/>\n<script type=\"application\/ld+json\" class=\"yoast-schema-graph\">{\"@context\":\"https:\\\/\\\/schema.org\",\"@graph\":[{\"@type\":\"WebPage\",\"@id\":\"https:\\\/\\\/www.ibizanowrealestate.com\\\/es\\\/about-us\\\/\",\"url\":\"https:\\\/\\\/www.ibizanowrealestate.com\\\/es\\\/about-us\\\/\",\"name\":\"Nosotros - Ibiza Now Real Estate\",\"isPartOf\":{\"@id\":\"https:\\\/\\\/www.ibizanowrealestate.com\\\/es\\\/#website\"},\"primaryImageOfPage\":{\"@id\":\"https:\\\/\\\/www.ibizanowrealestate.com\\\/es\\\/about-us\\\/#primaryimage\"},\"image\":{\"@id\":\"https:\\\/\\\/www.ibizanowrealestate.com\\\/about-us\\\/#primaryimage\"},\"thumbnailUrl\":\"https:\\\/\\\/www.ibizanowrealestate.com\\\/wp-content\\\/uploads\\\/2025\\\/03\\\/okoookkk-e1742474809900.jpg\",\"datePublished\":\"2013-06-26T19:43:17+00:00\",\"dateModified\":\"2025-03-20T12:55:50+00:00\",\"breadcrumb\":{\"@id\":\"https:\\\/\\\/www.ibizanowrealestate.com\\\/es\\\/about-us\\\/#breadcrumb\"},\"inLanguage\":\"es\",\"potentialAction\":[{\"@type\":\"ReadAction\",\"target\":[[\"https:\\\/\\\/www.ibizanowrealestate.com\\\/es\\\/about-us\\\/\"]]}]},{\"@type\":\"ImageObject\",\"inLanguage\":\"es\",\"@id\":\"https:\\\/\\\/www.ibizanowrealestate.com\\\/es\\\/about-us\\\/#primaryimage\",\"url\":\"https:\\\/\\\/www.ibizanowrealestate.com\\\/wp-content\\\/uploads\\\/2025\\\/03\\\/okoookkk-e1742474809900.jpg\",\"contentUrl\":\"https:\\\/\\\/www.ibizanowrealestate.com\\\/wp-content\\\/uploads\\\/2025\\\/03\\\/okoookkk-e1742474809900.jpg\",\"width\":1790,\"height\":1190,\"caption\":\"Okoookkk\"},{\"@type\":\"BreadcrumbList\",\"@id\":\"https:\\\/\\\/www.ibizanowrealestate.com\\\/es\\\/about-us\\\/#breadcrumb\",\"itemListElement\":[{\"@type\":\"ListItem\",\"position\":1,\"name\":\"Home\",\"item\":\"https:\\\/\\\/www.ibizanowrealestate.com\\\/es\\\/\"},{\"@type\":\"ListItem\",\"position\":2,\"name\":\"About us\"}]},{\"@type\":\"WebSite\",\"@id\":\"https:\\\/\\\/www.ibizanowrealestate.com\\\/es\\\/#website\",\"url\":\"https:\\\/\\\/www.ibizanowrealestate.com\\\/es\\\/\",\"name\":\"Ibiza Now Real Estate\",\"description\":\"\",\"potentialAction\":[{\"@type\":\"SearchAction\",\"target\":{\"@type\":\"EntryPoint\",\"urlTemplate\":\"https:\\\/\\\/www.ibizanowrealestate.com\\\/es\\\/?s={search_term_string}\"},\"query-input\":{\"@type\":\"PropertyValueSpecification\",\"valueRequired\":true,\"valueName\":\"search_term_string\"}}],\"inLanguage\":\"es\"}]}<\/script>\n<!-- \/ Yoast SEO plugin. -->","yoast_head_json":{"title":"Nosotros - Ibiza Now Real Estate","robots":{"index":"index","follow":"follow","max-snippet":"max-snippet:-1","max-image-preview":"max-image-preview:large","max-video-preview":"max-video-preview:-1"},"canonical":"https:\/\/www.ibizanowrealestate.com\/es\/about-us\/","og_locale":"es_ES","og_type":"article","og_title":"Nosotros - Ibiza Now Real Estate","og_description":"Disculpa, pero esta entrada est\u00e1 disponible s\u00f3lo en English.","og_url":"https:\/\/www.ibizanowrealestate.com\/es\/about-us\/","og_site_name":"Ibiza Now Real Estate","article_modified_time":"2025-03-20T12:55:50+00:00","og_image":[{"width":1790,"height":1190,"url":"https:\/\/www.ibizanowrealestate.com\/wp-content\/uploads\/2025\/03\/okoookkk-e1742474809900.jpg","type":"image\/jpeg"}],"twitter_card":"summary_large_image","twitter_misc":{"Tiempo de lectura":"1 minuto"},"schema":{"@context":"https:\/\/schema.org","@graph":[{"@type":"WebPage","@id":"https:\/\/www.ibizanowrealestate.com\/es\/about-us\/","url":"https:\/\/www.ibizanowrealestate.com\/es\/about-us\/","name":"Nosotros - Ibiza Now Real Estate","isPartOf":{"@id":"https:\/\/www.ibizanowrealestate.com\/es\/#website"},"primaryImageOfPage":{"@id":"https:\/\/www.ibizanowrealestate.com\/es\/about-us\/#primaryimage"},"image":{"@id":"https:\/\/www.ibizanowrealestate.com\/about-us\/#primaryimage"},"thumbnailUrl":"https:\/\/www.ibizanowrealestate.com\/wp-content\/uploads\/2025\/03\/okoookkk-e1742474809900.jpg","datePublished":"2013-06-26T19:43:17+00:00","dateModified":"2025-03-20T12:55:50+00:00","breadcrumb":{"@id":"https:\/\/www.ibizanowrealestate.com\/es\/about-us\/#breadcrumb"},"inLanguage":"es","potentialAction":[{"@type":"ReadAction","target":[["https:\/\/www.ibizanowrealestate.com\/es\/about-us\/"]]}]},{"@type":"ImageObject","inLanguage":"es","@id":"https:\/\/www.ibizanowrealestate.com\/es\/about-us\/#primaryimage","url":"https:\/\/www.ibizanowrealestate.com\/wp-content\/uploads\/2025\/03\/okoookkk-e1742474809900.jpg","contentUrl":"https:\/\/www.ibizanowrealestate.com\/wp-content\/uploads\/2025\/03\/okoookkk-e1742474809900.jpg","width":1790,"height":1190,"caption":"Okoookkk"},{"@type":"BreadcrumbList","@id":"https:\/\/www.ibizanowrealestate.com\/es\/about-us\/#breadcrumb","itemListElement":[{"@type":"ListItem","position":1,"name":"Home","item":"https:\/\/www.ibizanowrealestate.com\/es\/"},{"@type":"ListItem","position":2,"name":"About us"}]},{"@type":"WebSite","@id":"https:\/\/www.ibizanowrealestate.com\/es\/#website","url":"https:\/\/www.ibizanowrealestate.com\/es\/","name":"Ibiza Now Real Estate","description":"","potentialAction":[{"@type":"SearchAction","target":{"@type":"EntryPoint","urlTemplate":"https:\/\/www.ibizanowrealestate.com\/es\/?s={search_term_string}"},"query-input":{"@type":"PropertyValueSpecification","valueRequired":true,"valueName":"search_term_string"}}],"inLanguage":"es"}]}},"_links":{"self":[{"href":"https:\/\/www.ibizanowrealestate.com\/es\/wp-json\/wp\/v2\/pages\/546","targetHints":{"allow":["GET"]}}],"collection":[{"href":"https:\/\/www.ibizanowrealestate.com\/es\/wp-json\/wp\/v2\/pages"}],"about":[{"href":"https:\/\/www.ibizanowrealestate.com\/es\/wp-json\/wp\/v2\/types\/page"}],"author":[{"embeddable":true,"href":"https:\/\/www.ibizanowrealestate.com\/es\/wp-json\/wp\/v2\/users\/5"}],"replies":[{"embeddable":true,"href":"https:\/\/www.ibizanowrealestate.com\/es\/wp-json\/wp\/v2\/comments?post=546"}],"version-history":[{"count":5,"href":"https:\/\/www.ibizanowrealestate.com\/es\/wp-json\/wp\/v2\/pages\/546\/revisions"}],"predecessor-version":[{"id":33194,"href":"https:\/\/www.ibizanowrealestate.com\/es\/wp-json\/wp\/v2\/pages\/546\/revisions\/33194"}],"wp:featuredmedia":[{"embeddable":true,"href":"https:\/\/www.ibizanowrealestate.com\/es\/wp-json\/wp\/v2\/media\/33191"}],"wp:attachment":[{"href":"https:\/\/www.ibizanowrealestate.com\/es\/wp-json\/wp\/v2\/media?parent=546"}],"curies":[{"name":"wp","href":"https:\/\/api.w.org\/{rel}","templated":true}]}}