{"id":629,"date":"2015-07-10T00:09:08","date_gmt":"2015-07-10T00:09:08","guid":{"rendered":"http:\/\/wp.contempographicdesign.com\/wp-real-estate-7\/multi-demo\/?page_id=629"},"modified":"2025-06-24T15:25:44","modified_gmt":"2025-06-24T13:25:44","slug":"houses-for-sale","status":"publish","type":"page","link":"https:\/\/www.ibizanowrealestate.com\/es\/houses-for-sale\/","title":{"rendered":"En Venta"},"content":{"rendered":"<p>Nuestra cartera de propiedades en Ibiza es realmente diversa y ofrece algo para todos los gustos. Desde lujosas villas con impresionantes vistas al mar hasta encantadoras casas adosadas en el coraz\u00f3n de los encantadores pueblos de la isla, tenemos una amplia gama de opciones para elegir. Para los que buscan algo m\u00e1s r\u00fastico y aut\u00e9ntico, tambi\u00e9n tenemos una selecci\u00f3n de fincas tradicionales, o casas de campo, que ofrecen una muestra de la rica historia y cultura de la isla. No importa cu\u00e1l sea su presupuesto o sus preferencias, tenemos algo que se adapta a sus necesidades.<\/p>\n<p>Adem\u00e1s de ayudar a los clientes a comprar, vender y alquilar propiedades, tambi\u00e9n ofrecemos servicios de gesti\u00f3n de propiedades para ayudar a los propietarios a mantener y optimizar sus inversiones.<\/p>\n<p><!--more--><\/p>\n<p>Nuestro equipo de profesionales puede encargarse de todo, desde reparaciones y mantenimiento hasta alquileres y reservas, eliminando el estr\u00e9s y las molestias de tener una propiedad en la isla.<\/p>\n<p>Si est\u00e1 buscando hacer realidad su sue\u00f1o de vivir en Ibiza, no busque m\u00e1s all\u00e1 de Ibiza Now. Maxim y Antoine est\u00e1n aqu\u00ed para guiarle en cada paso del camino, desde encontrar la propiedad perfecta hasta cerrar el trato. P\u00f3ngase en contacto con nosotros hoy mismo para obtener m\u00e1s informaci\u00f3n y comenzar su viaje hacia la b\u00fasqueda de la casa de sus sue\u00f1os en esta isla paradis\u00edaca.<\/p>","protected":false},"excerpt":{"rendered":"<p>Disculpa, pero esta entrada est\u00e1 disponible s\u00f3lo en English.<\/p>\n","protected":false},"author":5,"featured_media":32031,"parent":0,"menu_order":-888,"comment_status":"open","ping_status":"open","template":"pages\/template-sales.php","meta":{"footnotes":""},"class_list":["post-629","page","type-page","status-publish","has-post-thumbnail","hentry"],"acf":[],"yoast_head":"<!-- This site is optimized with the Yoast SEO plugin v26.9 - https:\/\/yoast.com\/product\/yoast-seo-wordpress\/ -->\n<title>En Venta - Ibiza Now Real Estate<\/title>\n<meta name=\"robots\" content=\"index, follow, max-snippet:-1, max-image-preview:large, max-video-preview:-1\" \/>\n<link rel=\"canonical\" href=\"https:\/\/www.ibizanowrealestate.com\/es\/houses-for-sale\/\" \/>\n<meta property=\"og:locale\" content=\"es_ES\" \/>\n<meta property=\"og:type\" content=\"article\" \/>\n<meta property=\"og:title\" content=\"En Venta - Ibiza Now Real Estate\" \/>\n<meta property=\"og:description\" content=\"Disculpa, pero esta entrada est\u00e1 disponible s\u00f3lo en English.\" \/>\n<meta property=\"og:url\" content=\"https:\/\/www.ibizanowrealestate.com\/es\/houses-for-sale\/\" \/>\n<meta property=\"og:site_name\" content=\"Ibiza Now Real Estate\" \/>\n<meta property=\"article:modified_time\" content=\"2025-06-24T13:25:44+00:00\" \/>\n<meta property=\"og:image\" content=\"https:\/\/www.ibizanowrealestate.com\/wp-content\/uploads\/2025\/02\/hero-sales.jpg\" \/>\n\t<meta property=\"og:image:width\" content=\"1748\" \/>\n\t<meta property=\"og:image:height\" content=\"1240\" \/>\n\t<meta property=\"og:image:type\" content=\"image\/jpeg\" \/>\n<meta name=\"twitter:card\" content=\"summary_large_image\" \/>\n<meta name=\"twitter:label1\" content=\"Tiempo de lectura\" \/>\n\t<meta name=\"twitter:data1\" content=\"1 minuto\" \/>\n<script type=\"application\/ld+json\" class=\"yoast-schema-graph\">{\"@context\":\"https:\/\/schema.org\",\"@graph\":[{\"@type\":\"WebPage\",\"@id\":\"https:\/\/www.ibizanowrealestate.com\/es\/houses-for-sale\/\",\"url\":\"https:\/\/www.ibizanowrealestate.com\/es\/houses-for-sale\/\",\"name\":\"En Venta - Ibiza Now Real Estate\",\"isPartOf\":{\"@id\":\"https:\/\/www.ibizanowrealestate.com\/es\/#website\"},\"primaryImageOfPage\":{\"@id\":\"https:\/\/www.ibizanowrealestate.com\/es\/houses-for-sale\/#primaryimage\"},\"image\":{\"@id\":\"https:\/\/www.ibizanowrealestate.com\/houses-for-sale\/#primaryimage\"},\"thumbnailUrl\":\"https:\/\/www.ibizanowrealestate.com\/wp-content\/uploads\/2025\/02\/hero-sales.jpg\",\"datePublished\":\"2015-07-10T00:09:08+00:00\",\"dateModified\":\"2025-06-24T13:25:44+00:00\",\"breadcrumb\":{\"@id\":\"https:\/\/www.ibizanowrealestate.com\/es\/houses-for-sale\/#breadcrumb\"},\"inLanguage\":\"es\",\"potentialAction\":[{\"@type\":\"ReadAction\",\"target\":[[\"https:\/\/www.ibizanowrealestate.com\/es\/houses-for-sale\/\"]]}]},{\"@type\":\"ImageObject\",\"inLanguage\":\"es\",\"@id\":\"https:\/\/www.ibizanowrealestate.com\/es\/houses-for-sale\/#primaryimage\",\"url\":\"https:\/\/www.ibizanowrealestate.com\/wp-content\/uploads\/2025\/02\/hero-sales.jpg\",\"contentUrl\":\"https:\/\/www.ibizanowrealestate.com\/wp-content\/uploads\/2025\/02\/hero-sales.jpg\",\"width\":1748,\"height\":1240,\"caption\":\"Hero Sales\"},{\"@type\":\"BreadcrumbList\",\"@id\":\"https:\/\/www.ibizanowrealestate.com\/es\/houses-for-sale\/#breadcrumb\",\"itemListElement\":[{\"@type\":\"ListItem\",\"position\":1,\"name\":\"Home\",\"item\":\"https:\/\/www.ibizanowrealestate.com\/es\/\"},{\"@type\":\"ListItem\",\"position\":2,\"name\":\"For Sale\"}]},{\"@type\":\"WebSite\",\"@id\":\"https:\/\/www.ibizanowrealestate.com\/es\/#website\",\"url\":\"https:\/\/www.ibizanowrealestate.com\/es\/\",\"name\":\"Ibiza Now Real Estate\",\"description\":\"\",\"potentialAction\":[{\"@type\":\"SearchAction\",\"target\":{\"@type\":\"EntryPoint\",\"urlTemplate\":\"https:\/\/www.ibizanowrealestate.com\/es\/?s={search_term_string}\"},\"query-input\":{\"@type\":\"PropertyValueSpecification\",\"valueRequired\":true,\"valueName\":\"search_term_string\"}}],\"inLanguage\":\"es\"}]}<\/script>\n<!-- \/ Yoast SEO plugin. -->","yoast_head_json":{"title":"En Venta - Ibiza Now Real Estate","robots":{"index":"index","follow":"follow","max-snippet":"max-snippet:-1","max-image-preview":"max-image-preview:large","max-video-preview":"max-video-preview:-1"},"canonical":"https:\/\/www.ibizanowrealestate.com\/es\/houses-for-sale\/","og_locale":"es_ES","og_type":"article","og_title":"En Venta - Ibiza Now Real Estate","og_description":"Disculpa, pero esta entrada est\u00e1 disponible s\u00f3lo en English.","og_url":"https:\/\/www.ibizanowrealestate.com\/es\/houses-for-sale\/","og_site_name":"Ibiza Now Real Estate","article_modified_time":"2025-06-24T13:25:44+00:00","og_image":[{"width":1748,"height":1240,"url":"https:\/\/www.ibizanowrealestate.com\/wp-content\/uploads\/2025\/02\/hero-sales.jpg","type":"image\/jpeg"}],"twitter_card":"summary_large_image","twitter_misc":{"Tiempo de lectura":"1 minuto"},"schema":{"@context":"https:\/\/schema.org","@graph":[{"@type":"WebPage","@id":"https:\/\/www.ibizanowrealestate.com\/es\/houses-for-sale\/","url":"https:\/\/www.ibizanowrealestate.com\/es\/houses-for-sale\/","name":"En Venta - Ibiza Now Real Estate","isPartOf":{"@id":"https:\/\/www.ibizanowrealestate.com\/es\/#website"},"primaryImageOfPage":{"@id":"https:\/\/www.ibizanowrealestate.com\/es\/houses-for-sale\/#primaryimage"},"image":{"@id":"https:\/\/www.ibizanowrealestate.com\/houses-for-sale\/#primaryimage"},"thumbnailUrl":"https:\/\/www.ibizanowrealestate.com\/wp-content\/uploads\/2025\/02\/hero-sales.jpg","datePublished":"2015-07-10T00:09:08+00:00","dateModified":"2025-06-24T13:25:44+00:00","breadcrumb":{"@id":"https:\/\/www.ibizanowrealestate.com\/es\/houses-for-sale\/#breadcrumb"},"inLanguage":"es","potentialAction":[{"@type":"ReadAction","target":[["https:\/\/www.ibizanowrealestate.com\/es\/houses-for-sale\/"]]}]},{"@type":"ImageObject","inLanguage":"es","@id":"https:\/\/www.ibizanowrealestate.com\/es\/houses-for-sale\/#primaryimage","url":"https:\/\/www.ibizanowrealestate.com\/wp-content\/uploads\/2025\/02\/hero-sales.jpg","contentUrl":"https:\/\/www.ibizanowrealestate.com\/wp-content\/uploads\/2025\/02\/hero-sales.jpg","width":1748,"height":1240,"caption":"Hero Sales"},{"@type":"BreadcrumbList","@id":"https:\/\/www.ibizanowrealestate.com\/es\/houses-for-sale\/#breadcrumb","itemListElement":[{"@type":"ListItem","position":1,"name":"Home","item":"https:\/\/www.ibizanowrealestate.com\/es\/"},{"@type":"ListItem","position":2,"name":"For Sale"}]},{"@type":"WebSite","@id":"https:\/\/www.ibizanowrealestate.com\/es\/#website","url":"https:\/\/www.ibizanowrealestate.com\/es\/","name":"Ibiza Now Real Estate","description":"","potentialAction":[{"@type":"SearchAction","target":{"@type":"EntryPoint","urlTemplate":"https:\/\/www.ibizanowrealestate.com\/es\/?s={search_term_string}"},"query-input":{"@type":"PropertyValueSpecification","valueRequired":true,"valueName":"search_term_string"}}],"inLanguage":"es"}]}},"_links":{"self":[{"href":"https:\/\/www.ibizanowrealestate.com\/es\/wp-json\/wp\/v2\/pages\/629","targetHints":{"allow":["GET"]}}],"collection":[{"href":"https:\/\/www.ibizanowrealestate.com\/es\/wp-json\/wp\/v2\/pages"}],"about":[{"href":"https:\/\/www.ibizanowrealestate.com\/es\/wp-json\/wp\/v2\/types\/page"}],"author":[{"embeddable":true,"href":"https:\/\/www.ibizanowrealestate.com\/es\/wp-json\/wp\/v2\/users\/5"}],"replies":[{"embeddable":true,"href":"https:\/\/www.ibizanowrealestate.com\/es\/wp-json\/wp\/v2\/comments?post=629"}],"version-history":[{"count":35,"href":"https:\/\/www.ibizanowrealestate.com\/es\/wp-json\/wp\/v2\/pages\/629\/revisions"}],"predecessor-version":[{"id":34671,"href":"https:\/\/www.ibizanowrealestate.com\/es\/wp-json\/wp\/v2\/pages\/629\/revisions\/34671"}],"wp:featuredmedia":[{"embeddable":true,"href":"https:\/\/www.ibizanowrealestate.com\/es\/wp-json\/wp\/v2\/media\/32031"}],"wp:attachment":[{"href":"https:\/\/www.ibizanowrealestate.com\/es\/wp-json\/wp\/v2\/media?parent=629"}],"curies":[{"name":"wp","href":"https:\/\/api.w.org\/{rel}","templated":true}]}}